{"id":4728,"date":"2021-04-16T11:20:59","date_gmt":"2021-04-16T09:20:59","guid":{"rendered":"https:\/\/riva-mbs.com\/home-2021\/"},"modified":"2025-11-13T16:18:55","modified_gmt":"2025-11-13T15:18:55","slug":"home-2021","status":"publish","type":"page","link":"https:\/\/riva-mbs.com\/fr\/","title":{"rendered":"Home 2025"},"content":{"rendered":"<p>[vc_row css=&#8221;.vc_custom_1618567158553{margin-top: -8px !important;border-top-width: 16px !important;border-top-color: #87c6cc !important;border-top-style: solid !important;}&#8221; el_class=&#8221;riva-bar-z-index&#8221;][vc_column css=&#8221;.vc_custom_1618586844288{margin-bottom: 0px !important;}&#8221;][vc_empty_space css=&#8221;.vc_custom_1618586850405{margin-bottom: 0px !important;}&#8221;][\/vc_column][\/vc_row][vc_row][vc_column][vc_single_image image=&#8221;4645&#8243; img_size=&#8221;full&#8221; alignment=&#8221;center&#8221;][\/vc_column][\/vc_row][vc_row][vc_column][vc_column_text]<\/p>\n<p style=\"font-weight: normal; font-size: 25px; line-height: 28px; color: #1a222b; text-align: center;\">Avec la m\u00eame <strong>passion<\/strong> et le m\u00eame d\u00e9vouement qu\u2019il y a <strong>180 ans<\/strong>, la <strong>famille Riva<\/strong> continue \u00e0 parler universellement avec les passionn\u00e9s des bateaux<\/p>\n<p style=\"text-align: center;\">Depuis 1959, Monaco Boat Service et la Principaut\u00e9 de Monaco forment un partenariat gagnant indissociable.<br \/>\nConcessionnaire exclusif Riva pour la France et Monaco, avec ses jet\u00e9es, le quai, la galerie qui \u00e9merveille encore aujourd&#8217;hui, MBS, est le berceau de bateaux de qualit\u00e9 sup\u00e9rieure et de services compl\u00e8tement personnalises, d\u00e9di\u00e9s aux armateurs les plus exigeants.<br \/>\nCentre d\u2019excellence en maintenance, r\u00e9paration et assistance, aux bateaux ainsi qu\u2019aux moteurs , MBS offre \u00e9galement de services de charter quotidiens et hebdomadaires.<br \/>\nLe savoir- faire acquis par nos experts, nous permet \u00e9galement d\u2019assister l\u2019armateur en lui fournissant des conseils sp\u00e9cifiques en question d\u2019immatriculation.<br \/>\nChoisir Monaco Boat Service, c\u2019est aussi acc\u00e9der aux glamoureux \u00e9v\u00e8nements artistiques et culturels Mon\u00e9gasques souvent organises par nos soins, en faisant partie d\u2019une client\u00e8le prestigieuse, qui nous distingue encore aujourd\u2019hui \u00e0 niveau international.<\/p>\n<p>[\/vc_column_text][\/vc_column][\/vc_row][vc_row][vc_column][vc_empty_space]<ul class=\" portfolio_group lm_wrapper isotope col-4 grid\" ><li class=\"portfolio-item isotope-item \"><div class=\"border-image portfolio-item-fw-bg\" style=\"\"><div class=\"portfolio-item-fill\"><\/div><div class=\"scale-with-grid\"><div class=\"image_wrapper\"><a href=\"https:\/\/riva-mbs.com\/fr\/yacht\/82-diva-hull-8\/\"><div class=\"mask\"><\/div><img loading=\"lazy\" decoding=\"async\" width=\"640\" height=\"480\" src=\"https:\/\/riva-mbs.com\/wp-content\/uploads\/2025\/11\/diva-hull8.jpg\" class=\"scale-with-grid wp-post-image\" alt=\"\" srcset=\"https:\/\/riva-mbs.com\/wp-content\/uploads\/2025\/11\/diva-hull8.jpg 640w, https:\/\/riva-mbs.com\/wp-content\/uploads\/2025\/11\/diva-hull8-300x225.jpg 300w, https:\/\/riva-mbs.com\/wp-content\/uploads\/2025\/11\/diva-hull8-195x146.jpg 195w, https:\/\/riva-mbs.com\/wp-content\/uploads\/2025\/11\/diva-hull8-50x38.jpg 50w, https:\/\/riva-mbs.com\/wp-content\/uploads\/2025\/11\/diva-hull8-100x75.jpg 100w\" sizes=\"(max-width: 640px) 100vw, 640px\" \/><\/a><\/div><\/div><div class=\"desc\"><div class=\"title_wrapper\"><h5 class=\"entry-title\" itemprop=\"headline\">82&#8242; Diva n.8<\/a><\/h5><ul class=\"yatch_list\" style=\"list-style:none; margin-left:0px;\"><li>Prix: 6.999.000\u20ac hors taxes<\/a><\/li><li>Chantier naval: Riva<\/a><\/li><li>Cat\u00e9gorie: Flybridge<\/a><\/li><\/ul><div class=\"button-love\"><\/div><\/div><div class=\"desc-wrapper\"><\/div><\/div><\/div><li class=\"portfolio-item isotope-item \"><div class=\"border-image portfolio-item-fw-bg\" style=\"\"><div class=\"portfolio-item-fill\"><\/div><div class=\"scale-with-grid\"><div class=\"image_wrapper\"><a href=\"https:\/\/riva-mbs.com\/fr\/yacht\/76-bahamas-hull-10\/\"><div class=\"mask\"><\/div><img loading=\"lazy\" decoding=\"async\" width=\"640\" height=\"480\" src=\"https:\/\/riva-mbs.com\/wp-content\/uploads\/2026\/03\/bahamas-76-link-ok-2.jpg\" class=\"scale-with-grid wp-post-image\" alt=\"\" srcset=\"https:\/\/riva-mbs.com\/wp-content\/uploads\/2026\/03\/bahamas-76-link-ok-2.jpg 640w, https:\/\/riva-mbs.com\/wp-content\/uploads\/2026\/03\/bahamas-76-link-ok-2-300x225.jpg 300w, https:\/\/riva-mbs.com\/wp-content\/uploads\/2026\/03\/bahamas-76-link-ok-2-195x146.jpg 195w, https:\/\/riva-mbs.com\/wp-content\/uploads\/2026\/03\/bahamas-76-link-ok-2-50x38.jpg 50w, https:\/\/riva-mbs.com\/wp-content\/uploads\/2026\/03\/bahamas-76-link-ok-2-100x75.jpg 100w\" sizes=\"(max-width: 640px) 100vw, 640px\" \/><\/a><\/div><\/div><div class=\"desc\"><div class=\"title_wrapper\"><h5 class=\"entry-title\" itemprop=\"headline\">76\u2019 Bahamas n.10<\/a><\/h5><ul class=\"yatch_list\" style=\"list-style:none; margin-left:0px;\"><li>Prix: 3.650.000\u20ac TVA pay\u00e9e<\/a><\/li><li>Chantier naval: Riva<\/a><\/li><li>Cat\u00e9gorie: Sportfly<\/a><\/li><\/ul><div class=\"button-love\"><\/div><\/div><div class=\"desc-wrapper\"><\/div><\/div><\/div><li class=\"portfolio-item isotope-item \"><div class=\"border-image portfolio-item-fw-bg\" style=\"\"><div class=\"portfolio-item-fill\"><\/div><div class=\"scale-with-grid\"><div class=\"image_wrapper\"><a href=\"https:\/\/riva-mbs.com\/fr\/yacht\/75-venere-n-33\/\"><div class=\"mask\"><\/div><img loading=\"lazy\" decoding=\"async\" width=\"640\" height=\"480\" src=\"https:\/\/riva-mbs.com\/wp-content\/uploads\/2025\/12\/venere-75-link-2.jpg\" class=\"scale-with-grid wp-post-image\" alt=\"\" srcset=\"https:\/\/riva-mbs.com\/wp-content\/uploads\/2025\/12\/venere-75-link-2.jpg 640w, https:\/\/riva-mbs.com\/wp-content\/uploads\/2025\/12\/venere-75-link-2-300x225.jpg 300w, https:\/\/riva-mbs.com\/wp-content\/uploads\/2025\/12\/venere-75-link-2-195x146.jpg 195w, https:\/\/riva-mbs.com\/wp-content\/uploads\/2025\/12\/venere-75-link-2-50x38.jpg 50w, https:\/\/riva-mbs.com\/wp-content\/uploads\/2025\/12\/venere-75-link-2-100x75.jpg 100w\" sizes=\"(max-width: 640px) 100vw, 640px\" \/><\/a><\/div><\/div><div class=\"desc\"><div class=\"title_wrapper\"><h5 class=\"entry-title\" itemprop=\"headline\">75&#8242; Venere n.33<\/a><\/h5><ul class=\"yatch_list\" style=\"list-style:none; margin-left:0px;\"><li>Prix: 1.675.000\u20ac TVA pay\u00e9e<\/a><\/li><li>Chantier naval: Riva<\/a><\/li><li>Cat\u00e9gorie: Flybridge<\/a><\/li><\/ul><div class=\"button-love\"><\/div><\/div><div class=\"desc-wrapper\"><\/div><\/div><\/div><li class=\"portfolio-item isotope-item \"><div class=\"border-image portfolio-item-fw-bg\" style=\"\"><div class=\"portfolio-item-fill\"><\/div><div class=\"scale-with-grid\"><div class=\"image_wrapper\"><a href=\"https:\/\/riva-mbs.com\/fr\/yacht\/68-diable-n1\/\"><div class=\"mask\"><\/div><img loading=\"lazy\" decoding=\"async\" width=\"960\" height=\"720\" src=\"https:\/\/riva-mbs.com\/wp-content\/uploads\/2021\/08\/diable-link-1.jpg\" class=\"scale-with-grid wp-post-image\" alt=\"\" srcset=\"https:\/\/riva-mbs.com\/wp-content\/uploads\/2021\/08\/diable-link-1.jpg 960w, https:\/\/riva-mbs.com\/wp-content\/uploads\/2021\/08\/diable-link-1-300x225.jpg 300w, https:\/\/riva-mbs.com\/wp-content\/uploads\/2021\/08\/diable-link-1-768x576.jpg 768w, https:\/\/riva-mbs.com\/wp-content\/uploads\/2021\/08\/diable-link-1-195x146.jpg 195w, https:\/\/riva-mbs.com\/wp-content\/uploads\/2021\/08\/diable-link-1-50x38.jpg 50w, https:\/\/riva-mbs.com\/wp-content\/uploads\/2021\/08\/diable-link-1-100x75.jpg 100w, https:\/\/riva-mbs.com\/wp-content\/uploads\/2021\/08\/diable-link-1-640x480.jpg 640w\" sizes=\"(max-width: 960px) 100vw, 960px\" \/><\/a><\/div><\/div><div class=\"desc\"><div class=\"title_wrapper\"><h5 class=\"entry-title\" itemprop=\"headline\">68\u2019 Diable n.1<\/a><\/h5><ul class=\"yatch_list\" style=\"list-style:none; margin-left:0px;\"><li>Prix: 3.210.000 \u20ac TVA pay\u00e9e<\/a><\/li><li>Chantier naval: Riva<\/a><\/li><li>Cat\u00e9gorie: Open<\/a><\/li><\/ul><div class=\"button-love\"><\/div><\/div><div class=\"desc-wrapper\"><\/div><\/div><\/div><li class=\"portfolio-item isotope-item \"><div class=\"border-image portfolio-item-fw-bg\" style=\"\"><div class=\"portfolio-item-fill\"><\/div><div class=\"scale-with-grid\"><div class=\"image_wrapper\"><a href=\"https:\/\/riva-mbs.com\/fr\/yacht\/68-ego-20\/\"><div class=\"mask\"><\/div><img loading=\"lazy\" decoding=\"async\" width=\"800\" height=\"600\" src=\"https:\/\/riva-mbs.com\/wp-content\/uploads\/2024\/04\/sdfdsfs_2-1.jpg\" class=\"scale-with-grid wp-post-image\" alt=\"\" srcset=\"https:\/\/riva-mbs.com\/wp-content\/uploads\/2024\/04\/sdfdsfs_2-1.jpg 800w, https:\/\/riva-mbs.com\/wp-content\/uploads\/2024\/04\/sdfdsfs_2-1-300x225.jpg 300w, https:\/\/riva-mbs.com\/wp-content\/uploads\/2024\/04\/sdfdsfs_2-1-768x576.jpg 768w, https:\/\/riva-mbs.com\/wp-content\/uploads\/2024\/04\/sdfdsfs_2-1-195x146.jpg 195w, https:\/\/riva-mbs.com\/wp-content\/uploads\/2024\/04\/sdfdsfs_2-1-50x38.jpg 50w, https:\/\/riva-mbs.com\/wp-content\/uploads\/2024\/04\/sdfdsfs_2-1-100x75.jpg 100w, https:\/\/riva-mbs.com\/wp-content\/uploads\/2024\/04\/sdfdsfs_2-1-640x480.jpg 640w\" sizes=\"(max-width: 800px) 100vw, 800px\" \/><\/a><\/div><\/div><div class=\"desc\"><div class=\"title_wrapper\"><h5 class=\"entry-title\" itemprop=\"headline\">68&#8242; Ego n.20<\/a><\/h5><ul class=\"yatch_list\" style=\"list-style:none; margin-left:0px;\"><li>Prix: 850.000\u20ac TVA pay\u00e9e<\/a><\/li><li>Chantier naval: Riva<\/a><\/li><li>Cat\u00e9gorie: Open<\/a><\/li><\/ul><div class=\"button-love\"><\/div><\/div><div class=\"desc-wrapper\"><\/div><\/div><\/div><li class=\"portfolio-item isotope-item \"><div class=\"border-image portfolio-item-fw-bg\" style=\"\"><div class=\"portfolio-item-fill\"><\/div><div class=\"scale-with-grid\"><div class=\"image_wrapper\"><a href=\"https:\/\/riva-mbs.com\/fr\/yacht\/63-virtus-n-15\/\"><div class=\"mask\"><\/div><img loading=\"lazy\" decoding=\"async\" width=\"960\" height=\"720\" src=\"https:\/\/riva-mbs.com\/wp-content\/uploads\/2025\/09\/foto-link-virtus-1.jpg\" class=\"scale-with-grid wp-post-image\" alt=\"\" srcset=\"https:\/\/riva-mbs.com\/wp-content\/uploads\/2025\/09\/foto-link-virtus-1.jpg 960w, https:\/\/riva-mbs.com\/wp-content\/uploads\/2025\/09\/foto-link-virtus-1-300x225.jpg 300w, https:\/\/riva-mbs.com\/wp-content\/uploads\/2025\/09\/foto-link-virtus-1-768x576.jpg 768w, https:\/\/riva-mbs.com\/wp-content\/uploads\/2025\/09\/foto-link-virtus-1-195x146.jpg 195w, https:\/\/riva-mbs.com\/wp-content\/uploads\/2025\/09\/foto-link-virtus-1-50x38.jpg 50w, https:\/\/riva-mbs.com\/wp-content\/uploads\/2025\/09\/foto-link-virtus-1-100x75.jpg 100w, https:\/\/riva-mbs.com\/wp-content\/uploads\/2025\/09\/foto-link-virtus-1-640x480.jpg 640w\" sizes=\"(max-width: 960px) 100vw, 960px\" \/><\/a><\/div><\/div><div class=\"desc\"><div class=\"title_wrapper\"><h5 class=\"entry-title\" itemprop=\"headline\">63&#8242; Virtus n.15<\/a><\/h5><ul class=\"yatch_list\" style=\"list-style:none; margin-left:0px;\"><li>Prix: 1.490.000 \u20ac TVA pay\u00e9e<\/a><\/li><li>Chantier naval: Riva<\/a><\/li><li>Cat\u00e9gorie: Open<\/a><\/li><\/ul><div class=\"button-love\"><\/div><\/div><div class=\"desc-wrapper\"><\/div><\/div><\/div><li class=\"portfolio-item isotope-item \"><div class=\"border-image portfolio-item-fw-bg\" style=\"\"><div class=\"portfolio-item-fill\"><\/div><div class=\"scale-with-grid\"><div class=\"image_wrapper\"><a href=\"https:\/\/riva-mbs.com\/fr\/yacht\/63-virtus-n-3\/\"><div class=\"mask\"><\/div><img loading=\"lazy\" decoding=\"async\" width=\"800\" height=\"600\" src=\"https:\/\/riva-mbs.com\/wp-content\/uploads\/2021\/03\/virtus-3-link.jpg\" class=\"scale-with-grid wp-post-image\" alt=\"\" srcset=\"https:\/\/riva-mbs.com\/wp-content\/uploads\/2021\/03\/virtus-3-link.jpg 800w, https:\/\/riva-mbs.com\/wp-content\/uploads\/2021\/03\/virtus-3-link-300x225.jpg 300w, https:\/\/riva-mbs.com\/wp-content\/uploads\/2021\/03\/virtus-3-link-768x576.jpg 768w, https:\/\/riva-mbs.com\/wp-content\/uploads\/2021\/03\/virtus-3-link-195x146.jpg 195w, https:\/\/riva-mbs.com\/wp-content\/uploads\/2021\/03\/virtus-3-link-50x38.jpg 50w, https:\/\/riva-mbs.com\/wp-content\/uploads\/2021\/03\/virtus-3-link-100x75.jpg 100w\" sizes=\"(max-width: 800px) 100vw, 800px\" \/><\/a><\/div><\/div><div class=\"desc\"><div class=\"title_wrapper\"><h5 class=\"entry-title\" itemprop=\"headline\">63&#8242; Virtus n.3<\/a><\/h5><ul class=\"yatch_list\" style=\"list-style:none; margin-left:0px;\"><li>Prix: 1.100.000 \u20ac TVA pay\u00e9e<\/a><\/li><li>Chantier naval: Riva<\/a><\/li><li>Cat\u00e9gorie: Open<\/a><\/li><\/ul><div class=\"button-love\"><\/div><\/div><div class=\"desc-wrapper\"><\/div><\/div><\/div><li class=\"portfolio-item isotope-item \"><div class=\"border-image portfolio-item-fw-bg\" style=\"\"><div class=\"portfolio-item-fill\"><\/div><div class=\"scale-with-grid\"><div class=\"image_wrapper\"><a href=\"https:\/\/riva-mbs.com\/fr\/yacht\/56-rivale-6\/\"><div class=\"mask\"><\/div><img loading=\"lazy\" decoding=\"async\" width=\"960\" height=\"720\" src=\"https:\/\/riva-mbs.com\/wp-content\/uploads\/2025\/09\/foto-link-rivale-vera-1.jpg\" class=\"scale-with-grid wp-post-image\" alt=\"\" srcset=\"https:\/\/riva-mbs.com\/wp-content\/uploads\/2025\/09\/foto-link-rivale-vera-1.jpg 960w, https:\/\/riva-mbs.com\/wp-content\/uploads\/2025\/09\/foto-link-rivale-vera-1-300x225.jpg 300w, https:\/\/riva-mbs.com\/wp-content\/uploads\/2025\/09\/foto-link-rivale-vera-1-768x576.jpg 768w, https:\/\/riva-mbs.com\/wp-content\/uploads\/2025\/09\/foto-link-rivale-vera-1-195x146.jpg 195w, https:\/\/riva-mbs.com\/wp-content\/uploads\/2025\/09\/foto-link-rivale-vera-1-50x38.jpg 50w, https:\/\/riva-mbs.com\/wp-content\/uploads\/2025\/09\/foto-link-rivale-vera-1-100x75.jpg 100w, https:\/\/riva-mbs.com\/wp-content\/uploads\/2025\/09\/foto-link-rivale-vera-1-640x480.jpg 640w\" sizes=\"(max-width: 960px) 100vw, 960px\" \/><\/a><\/div><\/div><div class=\"desc\"><div class=\"title_wrapper\"><h5 class=\"entry-title\" itemprop=\"headline\">56\u2019 Rivale n.6<\/a><\/h5><ul class=\"yatch_list\" style=\"list-style:none; margin-left:0px;\"><li>Prix: 1.450.000\u20ac TVA pay\u00e9e<\/a><\/li><li>Chantier naval: Riva<\/a><\/li><li>Cat\u00e9gorie: Open<\/a><\/li><\/ul><div class=\"button-love\"><\/div><\/div><div class=\"desc-wrapper\"><\/div><\/div><\/div>[\/vc_column][\/vc_row][vc_row full_width=&#8221;stretch_row_content&#8221; css=&#8221;.vc_custom_1617870884953{margin-top: 64px !important;}&#8221;][vc_column width=&#8221;1\/2&#8243;]<a\n  href=\"https:\/\/riva-mbs.com\/fr\/daily-charter\/\"\n  class=\"marvelous-link noHover\"\n  >\n  <figure class=\"marvelous-hover effect-hover effect-chico ratiooriginal effect-fonts  marvelous_custom_class_10649a8ac03ba9d  \">\n        <img decoding=\"async\" src=\"https:\/\/riva-mbs.com\/wp-content\/uploads\/2023\/06\/66-RIBELLE_Exterior-33-2.jpg\" alt=\"\"\/>\n    \n    <figcaption>\n      <div class=\"effect-caption\">\n        <div class=\"effect-heading\">\n          <h2>Charter <span>Experience<\/span><\/h2>\n        <\/div>\n\n        <div class=\"effect-description\">\n                    <p class=\"description\">Venez nous rendre visite dans nos bureaux \u00e0 Monaco, Cannes ou \u00e0 Saint Tropez ! Nous serons ravis de vous informer de la qualit\u00e9 de nos somptueux Riva Yacht et des magnifiques itin\u00e9raire de la C\u00f4te d\u2019Azur que vous pouvez d\u00e9couvrir \u00e0 bord d\u2019un bateau l\u00e9gendaire.<\/p>\n                  <\/div>\n\n      <\/div>\n    <\/figcaption>\n  <\/figure>\n<\/a>\n<style type=\"text\/css\" data-type=\"vckit-shortcode-css\" data-shortcode=\"marvelous_hover\">.effect-hover.marvelous_custom_class_10649a8ac03ba9d p { font-size: 11px; }.effect-hover.marvelous_custom_class_10649a8ac03ba9d img { opacity: 0.8; }.effect-hover.marvelous_custom_class_10649a8ac03ba9d:hover img { opacity: 0.5; }.effect-hover.marvelous_custom_class_10649a8ac03ba9d { background: #000000; }.effect-hover.marvelous_custom_class_10649a8ac03ba9d:hover { background: #000000; }<\/style>[\/vc_column][vc_column width=&#8221;1\/2&#8243;]<a\n  href=\"https:\/\/riva-mbs.com\/fr\/services\/\"\n  class=\"marvelous-link noHover\"\n  >\n  <figure class=\"marvelous-hover effect-hover effect-chico ratiooriginal effect-fonts  marvelous_custom_class_8609517c7e5026  \">\n        <img decoding=\"async\" src=\"https:\/\/riva-mbs.com\/wp-content\/uploads\/2021\/04\/drone-pontili-1.jpg\" alt=\"\"\/>\n    \n    <figcaption>\n      <div class=\"effect-caption\">\n        <div class=\"effect-heading\">\n          <h2>Jet\u00e9es &amp; <span>Stockage<\/span><\/h2>\n        <\/div>\n\n        <div class=\"effect-description\">\n                    <p class=\"description\">Depuis plus de 60 ans, Monaco Boat Service, situ\u00e9 dans le port de Monaco, garantit des prestations de haute qualit\u00e9 et du personnel qualifi\u00e9. On collabore \u00e9galement avec des partenaires sp\u00e9cialis\u00e9s dans toute la M\u00e9diterran\u00e9e, en particulier dans la r\u00e9gion de Cannes et Saint Tropez, o\u00f9 vous trouverez les bateaux Riva, pr\u00eates \u00e0 satisfaire toutes vos exigences.<\/p>\n                  <\/div>\n\n      <\/div>\n    <\/figcaption>\n  <\/figure>\n<\/a>\n<style type=\"text\/css\" data-type=\"vckit-shortcode-css\" data-shortcode=\"marvelous_hover\">.effect-hover.marvelous_custom_class_8609517c7e5026 p { font-size: 11px; }.effect-hover.marvelous_custom_class_8609517c7e5026 img { opacity: 0.8; }.effect-hover.marvelous_custom_class_8609517c7e5026:hover img { opacity: 0.5; }.effect-hover.marvelous_custom_class_8609517c7e5026 { background: #000000; }.effect-hover.marvelous_custom_class_8609517c7e5026:hover { background: #000000; }@media screen and (max-width: 768px) {.effect-hover.marvelous_custom_class_8609517c7e5026 h2 { font-size: 13px; } }@media screen and (max-width: 768px) {.effect-hover.marvelous_custom_class_8609517c7e5026 p { font-size: 10px; } }<\/style>[\/vc_column][\/vc_row][vc_row full_width=&#8221;stretch_row_content&#8221; css=&#8221;.vc_custom_1617870884953{margin-top: 64px !important;}&#8221;][vc_column][vc_empty_space][\/vc_column][\/vc_row][vc_row disable_element=&#8221;yes&#8221;][vc_column width=&#8221;1\/2&#8243;][vc_column_text]<\/p>\n<h2 style=\"text-align: center;\">Riva dans le film<\/h2>\n<h3 style=\"text-align: center;\">They call it &#8220;The seventh Art&#8221;,<br \/>\nit&#8217;s the art of living.<\/h3>\n<p>[\/vc_column_text][vc_single_image image=&#8221;4624&#8243; img_size=&#8221;458&#215;309&#8243; alignment=&#8221;center&#8221; onclick=&#8221;custom_link&#8221; img_link_target=&#8221;_blank&#8221; link=&#8221;https:\/\/vimeo.com\/489970234&#8243;][\/vc_column][vc_column width=&#8221;1\/2&#8243;][vc_column_text]<\/p>\n<h2 style=\"text-align: center;\">Derniers \u00e9v\u00e9nements<\/h2>\n<h3 style=\"text-align: center;\">Riva in the Movie<br \/>\n10 Juillet 2021<\/h3>\n<p>[\/vc_column_text][vc_single_image image=&#8221;6027&#8243; img_size=&#8221;458&#215;309&#8243; alignment=&#8221;center&#8221; onclick=&#8221;custom_link&#8221; link=&#8221;https:\/\/riva-mbs.com\/fr\/riva-in-the-movie\/&#8221;][\/vc_column][\/vc_row][vc_row disable_element=&#8221;yes&#8221;][vc_column width=&#8221;1\/2&#8243;][vc_column_text]<\/p>\n<h2 style=\"text-align: center;\">Derniers \u00e9v\u00e9nements<\/h2>\n<h3 style=\"text-align: center;\">14\u2032 \u00c9dition de Riva Trophy 2022<br \/>\n1er-2-3 juillet<\/h3>\n<p>[\/vc_column_text][vc_single_image image=&#8221;6248&#8243; img_size=&#8221;458&#215;309&#8243; alignment=&#8221;center&#8221; onclick=&#8221;custom_link&#8221; link=&#8221;https:\/\/www.riva-trophy.com\/&#8221;][\/vc_column][vc_column width=&#8221;1\/2&#8243;][vc_column_text]<\/p>\n<h2 style=\"text-align: center;\">\u00c9v\u00e8nements \u00e0 venir<\/h2>\n<h3 style=\"text-align: center;\">Monaco Yacht Show<br \/>\n28 September &#8211; 1er Octobre 2022<\/h3>\n<p>[\/vc_column_text][vc_single_image image=&#8221;6112&#8243; img_size=&#8221;458&#215;309&#8243; alignment=&#8221;center&#8221;][\/vc_column][\/vc_row][vc_row][vc_column width=&#8221;1\/4&#8243;][\/vc_column][vc_column width=&#8221;1\/2&#8243;][vc_column_text]<\/p>\n<h2 style=\"text-align: center;\">Derniers \u00e9v\u00e9nements<\/h2>\n<h3 style=\"text-align: center;\">Monaco Yacht Show<br \/>\n24 &#8211; 27 Septembre 2025<\/h3>\n<p>[\/vc_column_text][vc_single_image image=&#8221;8261&#8243; img_size=&#8221;458&#215;309&#8243; alignment=&#8221;center&#8221; onclick=&#8221;custom_link&#8221; link=&#8221;https:\/\/riva-mbs.com\/fr\/monaco-yacht-show-2025\/&#8221;][\/vc_column][vc_column width=&#8221;1\/4&#8243;][\/vc_column][\/vc_row]<\/p>\n","protected":false},"excerpt":{"rendered":"<p>[vc_row css=&#8221;.vc_custom_1618567158553{margin-top: -8px !important;border-top-width: 16px !important;border-top-color: #87c6cc !important;border-top-style: solid !important;}&#8221; el_class=&#8221;riva-bar-z-index&#8221;][vc_column css=&#8221;.vc_custom_1618586844288{margin-bottom: 0px !important;}&#8221;][vc_empty_space css=&#8221;.vc_custom_1618586850405{margin-bottom: 0px !important;}&#8221;][\/vc_column][\/vc_row][vc_row][vc_column][vc_single_image image=&#8221;4645&#8243; img_size=&#8221;full&#8221; alignment=&#8221;center&#8221;][\/vc_column][\/vc_row][vc_row][vc_column][vc_column_text] Avec la m\u00eame passion et le<span class=\"excerpt-hellip\"> [\u2026]<\/span><\/p>\n","protected":false},"author":1,"featured_media":0,"parent":0,"menu_order":0,"comment_status":"closed","ping_status":"closed","template":"","meta":{"footnotes":""},"_links":{"self":[{"href":"https:\/\/riva-mbs.com\/fr\/wp-json\/wp\/v2\/pages\/4728"}],"collection":[{"href":"https:\/\/riva-mbs.com\/fr\/wp-json\/wp\/v2\/pages"}],"about":[{"href":"https:\/\/riva-mbs.com\/fr\/wp-json\/wp\/v2\/types\/page"}],"author":[{"embeddable":true,"href":"https:\/\/riva-mbs.com\/fr\/wp-json\/wp\/v2\/users\/1"}],"replies":[{"embeddable":true,"href":"https:\/\/riva-mbs.com\/fr\/wp-json\/wp\/v2\/comments?post=4728"}],"version-history":[{"count":30,"href":"https:\/\/riva-mbs.com\/fr\/wp-json\/wp\/v2\/pages\/4728\/revisions"}],"predecessor-version":[{"id":8266,"href":"https:\/\/riva-mbs.com\/fr\/wp-json\/wp\/v2\/pages\/4728\/revisions\/8266"}],"wp:attachment":[{"href":"https:\/\/riva-mbs.com\/fr\/wp-json\/wp\/v2\/media?parent=4728"}],"curies":[{"name":"wp","href":"https:\/\/api.w.org\/{rel}","templated":true}]}}