{"id":4750,"date":"2019-07-16T23:24:53","date_gmt":"2019-07-16T21:24:53","guid":{"rendered":"https:\/\/riva-mbs.com\/heritage\/celebrities\/"},"modified":"2024-08-21T15:35:53","modified_gmt":"2024-08-21T13:35:53","slug":"celebrites","status":"publish","type":"page","link":"https:\/\/riva-mbs.com\/fr\/histoire\/celebrites\/","title":{"rendered":"C\u00e9l\u00e9brit\u00e9s"},"content":{"rendered":"","protected":false},"excerpt":{"rendered":"","protected":false},"author":1,"featured_media":0,"parent":4732,"menu_order":0,"comment_status":"closed","ping_status":"closed","template":"","meta":{"footnotes":""},"_links":{"self":[{"href":"https:\/\/riva-mbs.com\/fr\/wp-json\/wp\/v2\/pages\/4750"}],"collection":[{"href":"https:\/\/riva-mbs.com\/fr\/wp-json\/wp\/v2\/pages"}],"about":[{"href":"https:\/\/riva-mbs.com\/fr\/wp-json\/wp\/v2\/types\/page"}],"author":[{"embeddable":true,"href":"https:\/\/riva-mbs.com\/fr\/wp-json\/wp\/v2\/users\/1"}],"replies":[{"embeddable":true,"href":"https:\/\/riva-mbs.com\/fr\/wp-json\/wp\/v2\/comments?post=4750"}],"version-history":[{"count":2,"href":"https:\/\/riva-mbs.com\/fr\/wp-json\/wp\/v2\/pages\/4750\/revisions"}],"predecessor-version":[{"id":5868,"href":"https:\/\/riva-mbs.com\/fr\/wp-json\/wp\/v2\/pages\/4750\/revisions\/5868"}],"up":[{"embeddable":true,"href":"https:\/\/riva-mbs.com\/fr\/wp-json\/wp\/v2\/pages\/4732"}],"wp:attachment":[{"href":"https:\/\/riva-mbs.com\/fr\/wp-json\/wp\/v2\/media?parent=4750"}],"curies":[{"name":"wp","href":"https:\/\/api.w.org\/{rel}","templated":true}]}}