{"id":6827,"date":"2023-11-09T17:34:03","date_gmt":"2023-11-09T16:34:03","guid":{"rendered":"https:\/\/riva-mbs.com\/?page_id=6827"},"modified":"2023-11-16T15:23:32","modified_gmt":"2023-11-16T14:23:32","slug":"assistence-technique","status":"publish","type":"page","link":"https:\/\/riva-mbs.com\/fr\/assistence-technique\/","title":{"rendered":"ASSISTENCE TECHNIQUE"},"content":{"rendered":"<p>[vc_row][vc_column][vc_empty_space][vc_column_text]<\/p>\n<h1 class=\"title-h1\">ASSISTENCE TECHNIQUE<\/h1>\n<p>[\/vc_column_text][\/vc_column][\/vc_row][vc_row gap=&#8221;30&#8243;][vc_column width=&#8221;1\/2&#8243;][vc_column_text]<\/p>\n<h3 class=\"title-h3\">Un service global aux bateaux et aux armateurs<\/h3>\n<p>Aujourd\u2019hui comme \u00e0 l\u2019\u00e9poque, la &#8220;station-service&#8221; Monaco Boat Service, situ\u00e9e dans le port de Monaco, garantit une assistance compl\u00e8te, o\u00f9 les interventions sont effectu\u00e9es par un personnel hautement qualifi\u00e9.<\/p>\n<p>Pour r\u00e9pondre au plus vite aux besoins et probl\u00e8mes techniques, MBS fait \u00e9galement appel \u00e0 des collaborateurs dans toute la M\u00e9diterran\u00e9e, notamment dans les r\u00e9gions de Cannes et St Tropez,<br \/>\no\u00f9 les bateaux Riva naviguent le plus souvent.<br \/>\nBien \u00e9videmment, toujours sous la supervision et le contr\u00f4l de Monaco Boat Service.[\/vc_column_text][\/vc_column][vc_column width=&#8221;1\/2&#8243;][vc_column_text]<\/p>\n<h3 class=\"title-h3\">Entrep\u00f4t des pi\u00e8ces de rechange &#8216;Just in time&#8217;<\/h3>\n<ul>\n<li>Grande gall\u00e9rie, 100mt de tunnel pour stockage d\u2019hiver.<\/li>\n<li>Atelier m\u00e9canique<\/li>\n<li>Atelier de menuiserie et tapisserie<\/li>\n<li>2 grues , de 5 et 20 T<\/li>\n<li>Pieces de rechange d\u2019origine<\/li>\n<li>Pontons et jet\u00e9es<\/li>\n<li>Personnel hautement qualifi\u00e9<\/li>\n<\/ul>\n<p>[\/vc_column_text][\/vc_column][\/vc_row][vc_row full_width=&#8221;stretch_row&#8221;][vc_column]<div class=\"vls-gf-gallery vls-gf-863 vls-gf-style-light vls-gf-style-none\" data-vls-gf-layout='{\"layout_type\":\"grid\",\"column_count\":3,\"column_count_xs\":1,\"aspect_ratio\":1.778,\"horizontal_spacing\":10,\"vertical_spacing\":10,\"align_bottom\":false,\"pagination_type\":\"none\",\"page_size\":0}' data-vls-gf-settings='{\"pagination_type\":\"none\"}'><style type=\"text\/css\">.vls-gf-863 figure a.vls-gf-main{display:block;position:absolute;top:0;bottom:0;left:0;right:0;opacity:0;z-index:90;}.vls-gf-863 figure .vls-gf-overlay{position:absolute;background-color:rgba(255, 255, 255, 0.3);left:0;right:0;top:0;bottom:0;opacity:0;z-index:10;transition:opacity 600ms ease;}.vls-gf-863 figure:hover .vls-gf-overlay{opacity:1;}<\/style><div class=\"vls-gf-container\"><figure class=\"vls-gf-865 vls-gf-init vls-gf-lazy\" data-vls-gf-thumbnail-width=\"800\" data-vls-gf-thumbnail-height=\"390\"><a class=\"vls-gf-main\" href=\"http:\/\/riva-mbs.com\/wp-content\/gf-uploads\/2019\/08\/MG_6415_mod.jpg\" data-caption=\"MG_6415_mod\" data-description=\"\"><\/a><div class=\"vls-gf-img\"><img data-src=\"http:\/\/riva-mbs.com\/wp-content\/gf-uploads\/2019\/08\/preview-m\/MG_6415_mod-0.jpg?t=1566212293\" title=\"MG_6415_mod\"\/><\/div><div class=\"vls-gf-overlay\"><\/div><\/figure><figure class=\"vls-gf-869 vls-gf-init vls-gf-lazy\" data-vls-gf-thumbnail-width=\"800\" data-vls-gf-thumbnail-height=\"520\"><a class=\"vls-gf-main\" href=\"http:\/\/riva-mbs.com\/wp-content\/gf-uploads\/2019\/08\/MG_8666.jpg\" data-caption=\"MG_8666\" data-description=\"\"><\/a><div class=\"vls-gf-img\"><img data-src=\"http:\/\/riva-mbs.com\/wp-content\/gf-uploads\/2019\/08\/preview-m\/MG_8666-0.jpg?t=1566212296\" title=\"MG_8666\"\/><\/div><div class=\"vls-gf-overlay\"><\/div><\/figure><figure class=\"vls-gf-873 vls-gf-init vls-gf-lazy\" data-vls-gf-thumbnail-width=\"800\" data-vls-gf-thumbnail-height=\"533\"><a class=\"vls-gf-main\" href=\"http:\/\/riva-mbs.com\/wp-content\/gf-uploads\/2019\/08\/f1419171.jpg\" data-caption=\"f1419171\" data-description=\"\"><\/a><div class=\"vls-gf-img\"><img data-src=\"http:\/\/riva-mbs.com\/wp-content\/gf-uploads\/2019\/08\/preview-m\/f1419171-0.jpg?t=1566212300\" title=\"f1419171\"\/><\/div><div class=\"vls-gf-overlay\"><\/div><\/figure><figure class=\"vls-gf-871 vls-gf-init vls-gf-lazy\" data-vls-gf-thumbnail-width=\"800\" data-vls-gf-thumbnail-height=\"533\"><a class=\"vls-gf-main\" href=\"http:\/\/riva-mbs.com\/wp-content\/gf-uploads\/2019\/08\/9178.jpg\" data-caption=\"9178\" data-description=\"\"><\/a><div class=\"vls-gf-img\"><img data-src=\"http:\/\/riva-mbs.com\/wp-content\/gf-uploads\/2019\/08\/preview-m\/9178-0.jpg?t=1566212298\" title=\"9178\"\/><\/div><div class=\"vls-gf-overlay\"><\/div><\/figure><figure class=\"vls-gf-866 vls-gf-init vls-gf-lazy\" data-vls-gf-thumbnail-width=\"800\" data-vls-gf-thumbnail-height=\"533\"><a class=\"vls-gf-main\" href=\"http:\/\/riva-mbs.com\/wp-content\/gf-uploads\/2019\/08\/MG_6429.jpg\" data-caption=\"MG_6429\" data-description=\"\"><\/a><div class=\"vls-gf-img\"><img data-src=\"http:\/\/riva-mbs.com\/wp-content\/gf-uploads\/2019\/08\/preview-m\/MG_6429-0.jpg?t=1566212294\" title=\"MG_6429\"\/><\/div><div class=\"vls-gf-overlay\"><\/div><\/figure><figure class=\"vls-gf-872 vls-gf-init vls-gf-lazy\" data-vls-gf-thumbnail-width=\"800\" data-vls-gf-thumbnail-height=\"531\"><a class=\"vls-gf-main\" href=\"http:\/\/riva-mbs.com\/wp-content\/gf-uploads\/2019\/08\/ar799-102.jpg\" data-caption=\"ar799-102\" data-description=\"\"><\/a><div class=\"vls-gf-img\"><img data-src=\"http:\/\/riva-mbs.com\/wp-content\/gf-uploads\/2019\/08\/preview-m\/ar799-102-0.jpg?t=1566212299\" title=\"ar799-102\"\/><\/div><div class=\"vls-gf-overlay\"><\/div><\/figure><figure class=\"vls-gf-870 vls-gf-init vls-gf-lazy\" data-vls-gf-thumbnail-width=\"800\" data-vls-gf-thumbnail-height=\"533\"><a class=\"vls-gf-main\" href=\"http:\/\/riva-mbs.com\/wp-content\/gf-uploads\/2019\/08\/0730.jpg\" data-caption=\"0730\" data-description=\"\"><\/a><div class=\"vls-gf-img\"><img data-src=\"http:\/\/riva-mbs.com\/wp-content\/gf-uploads\/2019\/08\/preview-m\/0730-0.jpg?t=1566212297\" title=\"0730\"\/><\/div><div class=\"vls-gf-overlay\"><\/div><\/figure><figure class=\"vls-gf-875 vls-gf-init vls-gf-lazy\" data-vls-gf-thumbnail-width=\"800\" data-vls-gf-thumbnail-height=\"533\"><a class=\"vls-gf-main\" href=\"http:\/\/riva-mbs.com\/wp-content\/gf-uploads\/2019\/08\/MN7F0112.jpg\" data-caption=\"MN7F0112\" data-description=\"\"><\/a><div class=\"vls-gf-img\"><img data-src=\"http:\/\/riva-mbs.com\/wp-content\/gf-uploads\/2019\/08\/preview-m\/MN7F0112-0.jpg?t=1566212302\" title=\"MN7F0112\"\/><\/div><div class=\"vls-gf-overlay\"><\/div><\/figure><figure class=\"vls-gf-868 vls-gf-init vls-gf-lazy\" data-vls-gf-thumbnail-width=\"800\" data-vls-gf-thumbnail-height=\"533\"><a class=\"vls-gf-main\" href=\"http:\/\/riva-mbs.com\/wp-content\/gf-uploads\/2019\/08\/MG_6923.jpg\" data-caption=\"MG_6923\" data-description=\"\"><\/a><div class=\"vls-gf-img\"><img data-src=\"http:\/\/riva-mbs.com\/wp-content\/gf-uploads\/2019\/08\/preview-m\/MG_6923-0.jpg?t=1566212296\" title=\"MG_6923\"\/><\/div><div class=\"vls-gf-overlay\"><\/div><\/figure><figure class=\"vls-gf-874 vls-gf-init vls-gf-lazy\" data-vls-gf-thumbnail-width=\"800\" data-vls-gf-thumbnail-height=\"533\"><a class=\"vls-gf-main\" href=\"http:\/\/riva-mbs.com\/wp-content\/gf-uploads\/2019\/08\/IMG_9907.jpg\" data-caption=\"IMG_9907\" data-description=\"\"><\/a><div class=\"vls-gf-img\"><img data-src=\"http:\/\/riva-mbs.com\/wp-content\/gf-uploads\/2019\/08\/preview-m\/IMG_9907-0.jpg?t=1566212301\" title=\"IMG_9907\"\/><\/div><div class=\"vls-gf-overlay\"><\/div><\/figure><figure class=\"vls-gf-867 vls-gf-init vls-gf-lazy\" data-vls-gf-thumbnail-width=\"800\" data-vls-gf-thumbnail-height=\"533\"><a class=\"vls-gf-main\" href=\"http:\/\/riva-mbs.com\/wp-content\/gf-uploads\/2019\/08\/MG_6650.jpg\" data-caption=\"MG_6650\" data-description=\"\"><\/a><div class=\"vls-gf-img\"><img data-src=\"http:\/\/riva-mbs.com\/wp-content\/gf-uploads\/2019\/08\/preview-m\/MG_6650-0.jpg?t=1566212295\" title=\"MG_6650\"\/><\/div><div class=\"vls-gf-overlay\"><\/div><\/figure><figure class=\"vls-gf-864 vls-gf-init vls-gf-lazy\" data-vls-gf-thumbnail-width=\"800\" data-vls-gf-thumbnail-height=\"533\"><a class=\"vls-gf-main\" href=\"http:\/\/riva-mbs.com\/wp-content\/gf-uploads\/2019\/08\/MG_0032.jpg\" data-caption=\"MG_0032\" data-description=\"\"><\/a><div class=\"vls-gf-img\"><img data-src=\"http:\/\/riva-mbs.com\/wp-content\/gf-uploads\/2019\/08\/preview-m\/MG_0032-0.jpg?t=1566212293\" title=\"MG_0032\"\/><\/div><div class=\"vls-gf-overlay\"><\/div><\/figure><\/div><\/div>[\/vc_column][\/vc_row][vc_row][vc_column][vc_empty_space][\/vc_column][\/vc_row]<\/p>\n","protected":false},"excerpt":{"rendered":"<p>[vc_row][vc_column][vc_empty_space][vc_column_text] ASSISTENCE TECHNIQUE [\/vc_column_text][\/vc_column][\/vc_row][vc_row gap=&#8221;30&#8243;][vc_column width=&#8221;1\/2&#8243;][vc_column_text] Un service global aux bateaux et aux armateurs Aujourd\u2019hui comme \u00e0 l\u2019\u00e9poque, la &#8220;station-service&#8221; Monaco Boat Service, situ\u00e9e dans le<span class=\"excerpt-hellip\"> [\u2026]<\/span><\/p>\n","protected":false},"author":1,"featured_media":0,"parent":0,"menu_order":0,"comment_status":"closed","ping_status":"closed","template":"","meta":{"footnotes":""},"_links":{"self":[{"href":"https:\/\/riva-mbs.com\/fr\/wp-json\/wp\/v2\/pages\/6827"}],"collection":[{"href":"https:\/\/riva-mbs.com\/fr\/wp-json\/wp\/v2\/pages"}],"about":[{"href":"https:\/\/riva-mbs.com\/fr\/wp-json\/wp\/v2\/types\/page"}],"author":[{"embeddable":true,"href":"https:\/\/riva-mbs.com\/fr\/wp-json\/wp\/v2\/users\/1"}],"replies":[{"embeddable":true,"href":"https:\/\/riva-mbs.com\/fr\/wp-json\/wp\/v2\/comments?post=6827"}],"version-history":[{"count":5,"href":"https:\/\/riva-mbs.com\/fr\/wp-json\/wp\/v2\/pages\/6827\/revisions"}],"predecessor-version":[{"id":6859,"href":"https:\/\/riva-mbs.com\/fr\/wp-json\/wp\/v2\/pages\/6827\/revisions\/6859"}],"wp:attachment":[{"href":"https:\/\/riva-mbs.com\/fr\/wp-json\/wp\/v2\/media?parent=6827"}],"curies":[{"name":"wp","href":"https:\/\/api.w.org\/{rel}","templated":true}]}}