{"id":2937,"date":"2019-09-17T14:42:46","date_gmt":"2019-09-17T12:42:46","guid":{"rendered":"http:\/\/riva-mbs.com\/?page_id=2937"},"modified":"2019-09-17T15:36:38","modified_gmt":"2019-09-17T13:36:38","slug":"privacy-policy","status":"publish","type":"page","link":"https:\/\/riva-mbs.com\/it\/privacy-policy\/","title":{"rendered":"Privacy Policy"},"content":{"rendered":"<p>[vc_row css=&#8221;.vc_custom_1568726973458{padding-top: 40px !important;}&#8221;][vc_column][vc_column_text]<\/p>\n<h2>Privacy Policy<\/h2>\n<p class=\"p2\"><span class=\"s1\">Monaco Boat Service, con sede legale in 8, quai Antoine 1er &#8211; MC 98000 MONACO , telefono +377 93 10 53 33, e-mail <a href=\"mailto:info@riva-mbs.com\"><span class=\"s2\">info@riva-mbs.com<\/span><\/a> (di seguito <\/span><span class=\"s3\">MBS<\/span><span class=\"s1\">) ai sensi del Regolamento UE 679\/2016 \u2013 Regolamento Generale sulla Protezione dei Dati (\u201cRGPD\u201d), riconosce l\u2019importanza della protezione dei dati personali e considera la sua tutela uno degli obiettivi principali della propria attivit\u00e0.<\/span><\/p>\n<p class=\"p2\"><span class=\"s1\">Prima di comunicare qualsiasi dato personale,<span class=\"Apple-converted-space\">\u00a0 <\/span>la invitiamo a leggere con attenzione la presente privacy policy (\u201cPrivacy Policy\u201d), poich\u00e9 contiene informazioni importanti sulla tutela dei dati personali e sulle misure di sicurezza adottate per garantirne la riservatezza nel pieno rispetto del RGPD . La presente Privacy Policy, inoltre:<br \/>\nsi intende resa solo per il sito<\/span> http:\/\/riva-mbs.com<span class=\"s1\">\u00a0(\u201cSito\u201d) mentre non si applica ad altri siti web eventualmente consultati tramite link esterni;<br \/>\n\u00e8 da intendersi quale Informativa resa ai sensi dell\u2019art. 13 del RGPD a coloro che interagiscono con il Sito;<br \/>\nsi conforma alla Raccomandazione n. 2\/2001 relativa ai requisiti minimi per la raccolta di dati on-line nell\u2019Unione Europea, adottata il 17 maggio 2001 dal Gruppo di Lavoro Articolo 29.<\/span><\/p>\n<p class=\"p2\"><span class=\"s1\">MBS, la informa che il trattamento dei suoi dati personali sar\u00e0 improntato ai principi di liceit\u00e0, correttezza, trasparenza, limitazione delle finalit\u00e0 e della conservazione, minimizzazione dei dati, esattezza, integrit\u00e0 e riservatezza. I suoi dati personali verranno pertanto trattati in accordo alle disposizioni legislative del RGPD e degli obblighi di riservatezza ivi previsti.<\/span><\/p>\n<p class=\"p3\"><span class=\"s1\"><b>INDICE<\/b><br \/>\nDi seguito l\u2019indice della presente Privacy Policy cos\u00ec che Lei possa facilmente trovare le informazioni inerenti al trattamento dei suoi dati personali.<\/span><\/p>\n<p class=\"p4\"><span class=\"s1\">1. TITOLARE E RESPONSABILE DELLA PROTEZIONE DATI<br \/>\n2. I DATI PERSONALI OGGETTO DI TRATTAMENTO<br \/>\na. Dati di navigazione<br \/>\nb. Dati forniti volontariamente<br \/>\nc. Cookie e tecnologie affini<br \/>\n3. FINALITA\u2019, BASE GIURIDICA E NATURA OBBLIGATORIA O FACOLTATIVA DEL TRATTAMENTO<br \/>\n4. DESTINATARI<br \/>\n5. TRASFERIMENTI<br \/>\n6. SICUREZZA<br \/>\n<\/span><span class=\"s1\">7. CONSERVAZIONE DEI DATI<br \/>\n8. I DIRITTI<br \/>\n9. MODIFICHE<\/span><\/p>\n<p class=\"p2\"><span class=\"s3\">1.\u00a0\u00a0\u00a0<b>TITOLARE E RESPONSABILE DELLA PROTEZIONE DATI <\/b><br \/>\n<\/span><span class=\"s1\">Titolare del trattamento del Sito \u00e8 Monaco Boat Service, come pi\u00f9 sopra definito. Per qualunque informazione inerente il trattamento dei dati personali di Monaco Boat Service, tra cui l\u2019elenco dei responsabili che trattano dati, indirizzando le richieste al Responsabile della Protezione dei Dati Personali (Data Protection Officer o \u201cDPO\u201d) a disposizione all\u2019indirizzo info@riva-mbs.com.<\/span><\/p>\n<p class=\"p2\"><span class=\"s1\">2.\u00a0\u00a0\u00a0 <b>I DATI PERSONALI OGGETTO DI TRATTAMENTO<\/b><\/span><\/p>\n<p class=\"p2\"><span class=\"s1\">Per \u201cDati Personali\u201d si intende qualsiasi informazione riguardante una persona fisica identificata o identificabile con particolare riferimento a un identificativo come il nome, un numero di identificazione, dati relativi all\u2019ubicazione, un identificativo online o a uno o pi\u00f9 elementi caratteristici della sua identit\u00e0 fisica, fisiologica, psichica, economica, culturale o sociale.<\/span><\/p>\n<p class=\"p2\"><span class=\"s1\">I Dati Personali raccolti dal Sito sono i seguenti:<\/span><\/p>\n<p class=\"p2\"><span class=\"s1\">a. Dati di navigazione<\/span><\/p>\n<p class=\"p7\"><span class=\"s1\">I sistemi informatici del Sito raccolgono alcuni Dati Personali la cui trasmissione \u00e8 implicita nell\u2019uso dei protocolli di comunicazione di Internet. Si tratta di informazioni che non sono raccolte per essere associate a te, ma che per loro stessa natura potrebbero, attraverso elaborazioni ed associazioni con dati detenuti da terzi, permettere di identificarti. Tra questi ci sono gli indirizzi IP o i nomi a dominio dei dispositivi utilizzati per connetterti al Sito, gli indirizzi in notazione URI (Uniform Resource Identifier) delle risorse richieste, l\u2019orario della richiesta, il metodo utilizzato nel sottoporre la richiesta al server, la dimensione del file ottenuto in risposta, il codice numerico indicante lo stato della risposta data dal server (buon fine, errore, ecc.) ed altri parametri relativi al tuo sistema operativo e ambiente informatico.<br \/>\nQuesti dati vengono utilizzati al fine di ricavare informazioni statistiche anonime sull\u2019uso del Sito e per controllarne il corretto funzionamento; per permettere \u2013 vista l\u2019architettura dei sistemi utilizzati \u2013 la corretta erogazione delle varie funzionalit\u00e0 da te richieste, per ragioni di sicurezza e di accertamento di responsabilit\u00e0 in caso di ipotetici reati informatici ai danni del Sito o di terzi e vengono cancellati dopo 30 giorni.<\/span><\/p>\n<p class=\"p2\"><span class=\"s1\">b. Dati forniti volontariamente<\/span><\/p>\n<p class=\"p2\"><span class=\"s1\">Attraverso il Sito ha la possibilit\u00e0 di fornire volontariamente Dati Personali come ad esempio il nome, il cognome, il telefono e l\u2019e-mail, compilando il form presente nella pagina \u201cContatti\u201dper contattare Monaco Boat Service, oppure inviando una e-mail a Monaco Boat Service. Monaco Boat Service, tratter\u00e0 questi dati nel rispetto del RGPD, assumendo che siano riferiti a Lei o a terzi soggetti che l\u2019hanno espressamente autorizzato a conferirli in base ad un\u2019idonea base giuridica che legittima il trattamento dei dati in questione. Rispetto a tali ipotesi, si pone come autonomo Titolare del trattamento, assumendosi tutti gli obblighi e le responsabilit\u00e0 di legge. In tal senso, conferisce sul punto la pi\u00f9 ampia manleva rispetto ad ogni contestazione, pretesa, richiesta di risarcimento del danno da trattamento, etc. che dovesse pervenire a Monaco Boat Service,<span class=\"Apple-converted-space\">\u00a0 <\/span>da terzi soggetti i cui Dati Personali siano stati trattati attraverso il suo utilizzo del Sito in violazione del RGPD.<\/span><\/p>\n<p class=\"p2\"><span class=\"s1\">c. Cookie e tecnologie affini<\/span><\/p>\n<p class=\"p2\"><span class=\"s1\">Monaco Boat Service,<span class=\"Apple-converted-space\">\u00a0 <\/span>raccoglie Dati Personali attraverso cookies. Maggiori informazioni sull\u2019uso dei cookie e tecnologie affini sono disponibili <\/span><span class=\"s4\"><a href=\"http:\/\/riva-mbs.com\/cookie-policy\/\">qui<\/a>.<\/span><\/p>\n<p class=\"p2\"><span class=\"s1\">3.\u00a0\u00a0\u00a0 <b>FINALITA\u2019, BASE GIURIDICA E NATURA OBBLIGATORIA O FACOLTATIVA DEL TRATTAMENTO<\/b><\/span><\/p>\n<p class=\"p2\"><span class=\"s1\">I Dati Personali che fornisce attraverso il Sito saranno trattati da Monaco Boat Service, per le seguenti finalit\u00e0:<\/span><\/p>\n<p class=\"p2\"><span class=\"s1\">a) finalit\u00e0 inerenti una sua richiesta di contatto tramite e-mail o tramite la compilazione del form (Contattaci) presente sul sito, per ricevere informazioni, etc.;<\/span><\/p>\n<p class=\"p2\"><span class=\"s1\">b) finalit\u00e0 di ricerche\/analisi statistiche su dati aggregati o anonimi, senza dunque possibilit\u00e0 di identificare l\u2019utente, volti a misurare il funzionamento del Sito, misurare il traffico e valutare usabilit\u00e0 e interesse;<\/span><\/p>\n<p class=\"p2\"><span class=\"s1\">c) finalit\u00e0 relative all\u2019adempimento di un obbligo legale al quale Monaco Boat Service \u00e8 soggetto;<\/span><\/p>\n<p class=\"p2\"><span class=\"s1\">d) finalit\u00e0 necessarie ad accertare, esercitare o difendere un diritto in sede giudiziaria o ogniqualvolta le autorit\u00e0 giurisdizionali esercitino le loro funzioni giurisdizionali;<\/span><\/p>\n<p class=\"p2\"><span class=\"s1\">e)<span class=\"Apple-converted-space\">\u00a0 <\/span>finalit\u00e0 di marketing (invio di comunicazioni promozionali di prodotti assicurativi tramite newsletter via e-mail, o tramite messaggistica telefonica o posta cartacea).<\/span><\/p>\n<p class=\"p2\"><span class=\"s1\">La base legale del trattamento di Dati Personali per le finalit\u00e0 di cui al punto a) \u00e8 il riscontro ad una richiesta che non richiede il consenso ai sensi del RGPD.<br \/>\nLa finalit\u00e0 di cui al punto b) non comporta il trattamento di Dati Personali, la finalit\u00e0 al punto c) riguarda adempimenti di un obbligo legale, la finalit\u00e0 di cui al punto d) rappresenta un trattamento legittimo di Dati Personali ai sensi del RGPD in quanto, una volta conferiti i Dati Personali, il trattamento \u00e8 invero necessario per adempiere ad un obbligo di legge a cui Monaco Boat Service \u00e8 soggetto, la finalit\u00e0 al punto e) \u00e8 consentita solo previo un Suo consenso, che potr\u00e0 revocare in qualsiasi momento contattando Monaco Boat Service. <\/span><\/p>\n<p class=\"p2\"><span class=\"s1\">Il conferimento dei suoi Dati Personali per la finalit\u00e0 sopra elencate \u00e8 facoltativo, ma il loro eventuale mancato conferimento potrebbe rendere impossibile riscontrare una sua richiesta o adempiere ad un obbligo legale a cui Monaco Boat Service \u00e8 soggetto.<\/span><\/p>\n<p class=\"p2\"><span class=\"s1\">4.\u00a0\u00a0\u00a0<b>DESTINATARI<\/b><br \/>\nI suoi Dati Personali potranno essere condivisi, per le finalit\u00e0 specificate al punto 3, con:<\/span><\/p>\n<p class=\"p9\"><span class=\"s1\">a. soggetti necessari per l\u2019erogazione dei servizi offerti dal Sito tra cui a titolo esemplificativo il mantenimento del Sito online, che agiscono tipicamente in qualit\u00e0 di responsabili del trattamento dello Monaco Boat Service;<br \/>\nb. persone autorizzate da Monaco Boat Service al trattamento dei Dati Personali che si siano impegnate alla riservatezza o abbiano un adeguato obbligo legale di riservatezza; (es. dipendenti e collaboratori di Monaco Boat Service);<br \/>\nc. autorit\u00e0 giurisdizionali nell\u2019esercizio delle loro funzioni quando richiesto dal RGPD.<\/span><\/p>\n<p class=\"p9\"><span class=\"s1\">I Suoi Dati Personali non saranno soggetti a diffusione.<\/span><\/p>\n<p class=\"p12\"><span class=\"s1\">5.<span class=\"Apple-converted-space\">\u00a0 <\/span><b>TRASFERIMENTI<\/b><\/span><\/p>\n<p class=\"p2\"><span class=\"s1\">I Dati Personali non saranno trasferiti a Destinatari che si potrebbero trovare al di fuori dello Spazio Economico Europeo. <\/span><\/p>\n<p class=\"p2\"><span class=\"s1\">6<b>.<span class=\"Apple-converted-space\">\u00a0 <\/span>SICUREZZA<\/b><\/span><\/p>\n<p class=\"p2\"><span class=\"s1\">Monaco Boat Service si impegna a tutelare le informazioni degli utenti. Tutte le informazioni personali fornite saranno conservate su server sicuri. <\/span><\/p>\n<p class=\"p2\"><span class=\"s1\">Monaco Boat Service<span class=\"Apple-converted-space\">\u00a0 <\/span>utilizza adeguate misure di sicurezza per la tutela delle informazioni dall\u2019accesso o da modifiche non autorizzate, e dalla trasmissione o distribuzione di dati. Al fine di impedire l\u2019accesso non autorizzato, mantenere l\u2019accuratezza dei dati e garantire l\u2019utilizzo corretto delle informazioni, Monaco Boat Service<span class=\"Apple-converted-space\">\u00a0 <\/span>utilizza adeguate procedure materiali, elettroniche e gestionali per salvaguardare e tutelare le informazioni e i dati memorizzati nel proprio sistema. <\/span><\/p>\n<p class=\"p12\"><span class=\"s1\">7. <b>CONSERVAZIONE DEI DATI<\/b><\/span><\/p>\n<p class=\"p2\"><span class=\"s1\">Monaco Boat Service tratter\u00e0 i suoi Dati Personali per il tempo strettamente necessario a raggiungere gli scopi indicati al punto 3. A titolo esemplificativo, Monaco Boat Service tratter\u00e0 i Dati Personali per finalit\u00e0 commerciali (invio di comunicazioni promozionali) fino a 24 mesi dalla raccolta. Fatto salvo quanto sopra, Monaco Boat Service tratter\u00e0 i suoi Dati Personali fino al tempo permesso dalla legge Italiana a tutela dei propri interessi. Maggiori informazioni in merito al periodo di conservazione dei Dati Personali e ai criteri utilizzati per determinare tale periodo possono essere richieste scrivendo a Monaco Boat Service.<\/span><\/p>\n<p class=\"p2\"><span class=\"s1\">8.\u00a0\u00a0\u00a0 <b>I DIRITTI<\/b><\/span><\/p>\n<p class=\"p13\"><span class=\"s1\">Nella Sua qualit\u00e0 di interessato, ha i diritti di chiedere al Titolare del trattamento l\u2019accesso ai dati personali e la rettifica o la cancellazione degli stessi o la limitazione del trattamento che li riguarda o di opporsi al trattamento (artt. 15 e ss. del RGPD). <\/span><\/p>\n<p class=\"p14\"><span class=\"s1\">Le richieste vanno rivolte al Responsabile della Protezione dei Dati Personali:<\/span><\/p>\n<ul class=\"ul1\">\n<li class=\"li13\"><span class=\"s1\">all\u2019indirizzo e-mail <\/span><a href=\"mailto:info@riva-mbs.com\"><span class=\"s8\">info@riva-mbs.com<\/span><\/a><span class=\"s1\">;<\/span><\/li>\n<li class=\"li13\"><span class=\"s1\">al numero di telefono +377 93 10 53 33;<\/span><\/li>\n<\/ul>\n<p class=\"p15\"><span class=\"s1\">oppure<\/span><\/p>\n<ul class=\"ul1\">\n<li class=\"li13\"><span class=\"s1\">raccomandata che dovr\u00e0 essere spedita all\u2019indirizzo 8, quai Antoine 1er &#8211; MC 98000 MONACO.<\/span><\/li>\n<\/ul>\n<p class=\"p2\"><span class=\"s1\">Inoltre, ha in ogni caso il diritto di proporre reclamo all\u2019autorit\u00e0 di controllo competente (Garante per la Protezione dei Dati Personali) come previsto dall&#8217;art. 77 del Regolamento stesso, o di adire le opportune sedi giudiziarie (art. 79 del Regolamento).<\/span><\/p>\n<p class=\"p2\"><span class=\"s1\">9.\u00a0\u00a0\u00a0 <b>MODIFICHE<\/b><\/span><\/p>\n<p class=\"p2\"><span class=\"s1\">La presente Privacy Policy \u00e8 in vigore da Agosto 2019. Monaco Boat Service si riserver\u00e0 di modificarne o semplicemente aggiornarne il contenuto, in parte o completamente, anche a causa di variazioni del RGPD. Monaco Boat Service la invita quindi a visitare con regolarit\u00e0 questa sezione per prendere cognizione della pi\u00f9 recente ed aggiornata versione della Privacy Policy in modo che sia sempre aggiornato sui dati raccolti e sull\u2019uso che ne fa Monaco Boat Service.<\/span><\/p>\n<p>[\/vc_column_text][\/vc_column][\/vc_row]<\/p>\n","protected":false},"excerpt":{"rendered":"<p>[vc_row css=&#8221;.vc_custom_1568726973458{padding-top: 40px !important;}&#8221;][vc_column][vc_column_text] Privacy Policy Monaco Boat Service, con sede legale in 8, quai Antoine 1er &#8211; MC 98000 MONACO , telefono +377 93 10<span class=\"excerpt-hellip\"> [\u2026]<\/span><\/p>\n","protected":false},"author":1,"featured_media":0,"parent":0,"menu_order":0,"comment_status":"closed","ping_status":"closed","template":"","meta":{"footnotes":""},"_links":{"self":[{"href":"https:\/\/riva-mbs.com\/it\/wp-json\/wp\/v2\/pages\/2937"}],"collection":[{"href":"https:\/\/riva-mbs.com\/it\/wp-json\/wp\/v2\/pages"}],"about":[{"href":"https:\/\/riva-mbs.com\/it\/wp-json\/wp\/v2\/types\/page"}],"author":[{"embeddable":true,"href":"https:\/\/riva-mbs.com\/it\/wp-json\/wp\/v2\/users\/1"}],"replies":[{"embeddable":true,"href":"https:\/\/riva-mbs.com\/it\/wp-json\/wp\/v2\/comments?post=2937"}],"version-history":[{"count":7,"href":"https:\/\/riva-mbs.com\/it\/wp-json\/wp\/v2\/pages\/2937\/revisions"}],"predecessor-version":[{"id":2946,"href":"https:\/\/riva-mbs.com\/it\/wp-json\/wp\/v2\/pages\/2937\/revisions\/2946"}],"wp:attachment":[{"href":"https:\/\/riva-mbs.com\/it\/wp-json\/wp\/v2\/media?parent=2937"}],"curies":[{"name":"wp","href":"https:\/\/api.w.org\/{rel}","templated":true}]}}