{"id":4655,"date":"2021-04-16T11:20:59","date_gmt":"2021-04-16T09:20:59","guid":{"rendered":"https:\/\/riva-mbs.com\/home-2021\/"},"modified":"2025-11-13T16:19:53","modified_gmt":"2025-11-13T15:19:53","slug":"home-2021","status":"publish","type":"page","link":"https:\/\/riva-mbs.com\/it\/","title":{"rendered":"Home 2025"},"content":{"rendered":"<p>[vc_row css=&#8221;.vc_custom_1618567158553{margin-top: -8px !important;border-top-width: 16px !important;border-top-color: #87c6cc !important;border-top-style: solid !important;}&#8221; el_class=&#8221;riva-bar-z-index&#8221;][vc_column][vc_empty_space][\/vc_column][\/vc_row][vc_row][vc_column][vc_single_image image=&#8221;4645&#8243; img_size=&#8221;full&#8221; alignment=&#8221;center&#8221;][\/vc_column][\/vc_row][vc_row][vc_column][vc_column_text]<\/p>\n<p style=\"font-weight: normal; font-size: 25px; line-height: 28px; color: #1a222b; text-align: center;\">Con la stessa <b>passione<\/b> e <b>dedizione<\/b> di <b>180<\/b> anni fa,<br \/>\n<b>La famiglia Riva<\/b> continua a parlare ovunque con gli appassionati di barche.<\/p>\n<p style=\"text-align: center;\">Dal 1959 Monaco Boat Service ed il Principato formano un inseparabile sodalizio vincente. Dealer esclusivo Riva per la Francia e il Principato di Monaco, con i suoi pontili, la banchina, la galleria che ancora oggi \u00e8 in grado di stupire, \u00e8 la culla delle imbarcazioni di qualit\u00e0 superiore e di servizi globali personalizzati dedicati agli armatori pi\u00f9 esigenti.<br \/>\nCentro di eccellenza nella manutenzione, riparazione e assistenza tecnica ad imbarcazioni e motori, offre anche servizi di charter giornalieri e settimanali. Il know how acquisito dai nostri esperti ci consente di assistere l&#8217;armatore fornendo consulenze specifiche in materia di immatricolazione.<br \/>\nScegliere Monaco Boat Service significa anche accedere ad eventi mondani, artistici e culturali Monegaschi spesso da noi promossi, entrando a far parte della nostra clientela d&#8217;\u00e9lite, che ancora oggi ci contraddistingue a livello internazionale.<\/p>\n<p>[\/vc_column_text][\/vc_column][\/vc_row][vc_row][vc_column][vc_empty_space]<ul class=\" portfolio_group lm_wrapper isotope col-4 grid\" ><li class=\"portfolio-item isotope-item \"><div class=\"border-image portfolio-item-fw-bg\" style=\"\"><div class=\"portfolio-item-fill\"><\/div><div class=\"scale-with-grid\"><div class=\"image_wrapper\"><a href=\"https:\/\/riva-mbs.com\/it\/yacht\/82-diva-hull-8\/\"><div class=\"mask\"><\/div><img loading=\"lazy\" decoding=\"async\" width=\"640\" height=\"480\" src=\"https:\/\/riva-mbs.com\/wp-content\/uploads\/2025\/11\/diva-hull8-2.jpg\" class=\"scale-with-grid wp-post-image\" alt=\"\" srcset=\"https:\/\/riva-mbs.com\/wp-content\/uploads\/2025\/11\/diva-hull8-2.jpg 640w, https:\/\/riva-mbs.com\/wp-content\/uploads\/2025\/11\/diva-hull8-2-300x225.jpg 300w, https:\/\/riva-mbs.com\/wp-content\/uploads\/2025\/11\/diva-hull8-2-195x146.jpg 195w, https:\/\/riva-mbs.com\/wp-content\/uploads\/2025\/11\/diva-hull8-2-50x38.jpg 50w, https:\/\/riva-mbs.com\/wp-content\/uploads\/2025\/11\/diva-hull8-2-100x75.jpg 100w\" sizes=\"(max-width: 640px) 100vw, 640px\" \/><\/a><\/div><\/div><div class=\"desc\"><div class=\"title_wrapper\"><h5 class=\"entry-title\" itemprop=\"headline\">82&#8242; Diva n.8<\/a><\/h5><ul class=\"yatch_list\" style=\"list-style:none; margin-left:0px;\"><li>Prezzo: 6.999.000\u20ac IVA Non Inclusa<\/a><\/li><li>Cantiere: Riva<\/a><\/li><li>Categoria: Flybridge<\/a><\/li><\/ul><div class=\"button-love\"><\/div><\/div><div class=\"desc-wrapper\"><\/div><\/div><\/div><li class=\"portfolio-item isotope-item \"><div class=\"border-image portfolio-item-fw-bg\" style=\"\"><div class=\"portfolio-item-fill\"><\/div><div class=\"scale-with-grid\"><div class=\"image_wrapper\"><a href=\"https:\/\/riva-mbs.com\/it\/yacht\/76-bahamas-hull-10\/\"><div class=\"mask\"><\/div><img loading=\"lazy\" decoding=\"async\" width=\"640\" height=\"480\" src=\"https:\/\/riva-mbs.com\/wp-content\/uploads\/2026\/03\/bahamas-76-link-ok-1.jpg\" class=\"scale-with-grid wp-post-image\" alt=\"\" srcset=\"https:\/\/riva-mbs.com\/wp-content\/uploads\/2026\/03\/bahamas-76-link-ok-1.jpg 640w, https:\/\/riva-mbs.com\/wp-content\/uploads\/2026\/03\/bahamas-76-link-ok-1-300x225.jpg 300w, https:\/\/riva-mbs.com\/wp-content\/uploads\/2026\/03\/bahamas-76-link-ok-1-195x146.jpg 195w, https:\/\/riva-mbs.com\/wp-content\/uploads\/2026\/03\/bahamas-76-link-ok-1-50x38.jpg 50w, https:\/\/riva-mbs.com\/wp-content\/uploads\/2026\/03\/bahamas-76-link-ok-1-100x75.jpg 100w\" sizes=\"(max-width: 640px) 100vw, 640px\" \/><\/a><\/div><\/div><div class=\"desc\"><div class=\"title_wrapper\"><h5 class=\"entry-title\" itemprop=\"headline\">76\u2019 Bahamas n.10<\/a><\/h5><ul class=\"yatch_list\" style=\"list-style:none; margin-left:0px;\"><li>Prezzo: 3.650.000\u20ac IVA Non Inclusa<\/a><\/li><li>Cantiere: Riva<\/a><\/li><li>Categoria: Sportfly<\/a><\/li><\/ul><div class=\"button-love\"><\/div><\/div><div class=\"desc-wrapper\"><\/div><\/div><\/div><li class=\"portfolio-item isotope-item \"><div class=\"border-image portfolio-item-fw-bg\" style=\"\"><div class=\"portfolio-item-fill\"><\/div><div class=\"scale-with-grid\"><div class=\"image_wrapper\"><a href=\"https:\/\/riva-mbs.com\/it\/yacht\/75-venere-n-33\/\"><div class=\"mask\"><\/div><img loading=\"lazy\" decoding=\"async\" width=\"640\" height=\"480\" src=\"https:\/\/riva-mbs.com\/wp-content\/uploads\/2025\/12\/venere-75-link.jpg\" class=\"scale-with-grid wp-post-image\" alt=\"\" srcset=\"https:\/\/riva-mbs.com\/wp-content\/uploads\/2025\/12\/venere-75-link.jpg 640w, https:\/\/riva-mbs.com\/wp-content\/uploads\/2025\/12\/venere-75-link-300x225.jpg 300w, https:\/\/riva-mbs.com\/wp-content\/uploads\/2025\/12\/venere-75-link-195x146.jpg 195w, https:\/\/riva-mbs.com\/wp-content\/uploads\/2025\/12\/venere-75-link-50x38.jpg 50w, https:\/\/riva-mbs.com\/wp-content\/uploads\/2025\/12\/venere-75-link-100x75.jpg 100w\" sizes=\"(max-width: 640px) 100vw, 640px\" \/><\/a><\/div><\/div><div class=\"desc\"><div class=\"title_wrapper\"><h5 class=\"entry-title\" itemprop=\"headline\">75&#8242; Venere n.33<\/a><\/h5><ul class=\"yatch_list\" style=\"list-style:none; margin-left:0px;\"><li>Prezzo: 1.675.000\u20ac IVA Inclusa<\/a><\/li><li>Cantiere: Riva<\/a><\/li><li>Categoria: Flybridge<\/a><\/li><\/ul><div class=\"button-love\"><\/div><\/div><div class=\"desc-wrapper\"><\/div><\/div><\/div><li class=\"portfolio-item isotope-item \"><div class=\"border-image portfolio-item-fw-bg\" style=\"\"><div class=\"portfolio-item-fill\"><\/div><div class=\"scale-with-grid\"><div class=\"image_wrapper\"><a href=\"https:\/\/riva-mbs.com\/it\/yacht\/68-diable-n1\/\"><div class=\"mask\"><\/div><img loading=\"lazy\" decoding=\"async\" width=\"960\" height=\"720\" src=\"https:\/\/riva-mbs.com\/wp-content\/uploads\/2021\/08\/diable-link-1.jpg\" class=\"scale-with-grid wp-post-image\" alt=\"\" srcset=\"https:\/\/riva-mbs.com\/wp-content\/uploads\/2021\/08\/diable-link-1.jpg 960w, https:\/\/riva-mbs.com\/wp-content\/uploads\/2021\/08\/diable-link-1-300x225.jpg 300w, https:\/\/riva-mbs.com\/wp-content\/uploads\/2021\/08\/diable-link-1-768x576.jpg 768w, https:\/\/riva-mbs.com\/wp-content\/uploads\/2021\/08\/diable-link-1-195x146.jpg 195w, https:\/\/riva-mbs.com\/wp-content\/uploads\/2021\/08\/diable-link-1-50x38.jpg 50w, https:\/\/riva-mbs.com\/wp-content\/uploads\/2021\/08\/diable-link-1-100x75.jpg 100w, https:\/\/riva-mbs.com\/wp-content\/uploads\/2021\/08\/diable-link-1-640x480.jpg 640w\" sizes=\"(max-width: 960px) 100vw, 960px\" \/><\/a><\/div><\/div><div class=\"desc\"><div class=\"title_wrapper\"><h5 class=\"entry-title\" itemprop=\"headline\">68\u2019 Diable n.1<\/a><\/h5><ul class=\"yatch_list\" style=\"list-style:none; margin-left:0px;\"><li>Prezzo: 3.210.000 \u20ac IVA Inclusa<\/a><\/li><li>Cantiere: Riva<\/a><\/li><li>Categoria: Open<\/a><\/li><\/ul><div class=\"button-love\"><\/div><\/div><div class=\"desc-wrapper\"><\/div><\/div><\/div><li class=\"portfolio-item isotope-item \"><div class=\"border-image portfolio-item-fw-bg\" style=\"\"><div class=\"portfolio-item-fill\"><\/div><div class=\"scale-with-grid\"><div class=\"image_wrapper\"><a href=\"https:\/\/riva-mbs.com\/it\/yacht\/68-ego-20\/\"><div class=\"mask\"><\/div><img loading=\"lazy\" decoding=\"async\" width=\"800\" height=\"600\" src=\"https:\/\/riva-mbs.com\/wp-content\/uploads\/2024\/04\/sdfdsfs_2-2.jpg\" class=\"scale-with-grid wp-post-image\" alt=\"\" srcset=\"https:\/\/riva-mbs.com\/wp-content\/uploads\/2024\/04\/sdfdsfs_2-2.jpg 800w, https:\/\/riva-mbs.com\/wp-content\/uploads\/2024\/04\/sdfdsfs_2-2-300x225.jpg 300w, https:\/\/riva-mbs.com\/wp-content\/uploads\/2024\/04\/sdfdsfs_2-2-768x576.jpg 768w, https:\/\/riva-mbs.com\/wp-content\/uploads\/2024\/04\/sdfdsfs_2-2-195x146.jpg 195w, https:\/\/riva-mbs.com\/wp-content\/uploads\/2024\/04\/sdfdsfs_2-2-50x38.jpg 50w, https:\/\/riva-mbs.com\/wp-content\/uploads\/2024\/04\/sdfdsfs_2-2-100x75.jpg 100w, https:\/\/riva-mbs.com\/wp-content\/uploads\/2024\/04\/sdfdsfs_2-2-640x480.jpg 640w\" sizes=\"(max-width: 800px) 100vw, 800px\" \/><\/a><\/div><\/div><div class=\"desc\"><div class=\"title_wrapper\"><h5 class=\"entry-title\" itemprop=\"headline\">68&#8242; Ego n.20<\/a><\/h5><ul class=\"yatch_list\" style=\"list-style:none; margin-left:0px;\"><li>Prezzo: 850.000\u20ac IVA Inclusa<\/a><\/li><li>Cantiere: Riva<\/a><\/li><li>Categoria: Open<\/a><\/li><\/ul><div class=\"button-love\"><\/div><\/div><div class=\"desc-wrapper\"><\/div><\/div><\/div><li class=\"portfolio-item isotope-item \"><div class=\"border-image portfolio-item-fw-bg\" style=\"\"><div class=\"portfolio-item-fill\"><\/div><div class=\"scale-with-grid\"><div class=\"image_wrapper\"><a href=\"https:\/\/riva-mbs.com\/it\/yacht\/63-virtus-n-15\/\"><div class=\"mask\"><\/div><img loading=\"lazy\" decoding=\"async\" width=\"960\" height=\"720\" src=\"https:\/\/riva-mbs.com\/wp-content\/uploads\/2025\/09\/foto-link-virtus-3.jpg\" class=\"scale-with-grid wp-post-image\" alt=\"\" srcset=\"https:\/\/riva-mbs.com\/wp-content\/uploads\/2025\/09\/foto-link-virtus-3.jpg 960w, https:\/\/riva-mbs.com\/wp-content\/uploads\/2025\/09\/foto-link-virtus-3-300x225.jpg 300w, https:\/\/riva-mbs.com\/wp-content\/uploads\/2025\/09\/foto-link-virtus-3-768x576.jpg 768w, https:\/\/riva-mbs.com\/wp-content\/uploads\/2025\/09\/foto-link-virtus-3-195x146.jpg 195w, https:\/\/riva-mbs.com\/wp-content\/uploads\/2025\/09\/foto-link-virtus-3-50x38.jpg 50w, https:\/\/riva-mbs.com\/wp-content\/uploads\/2025\/09\/foto-link-virtus-3-100x75.jpg 100w, https:\/\/riva-mbs.com\/wp-content\/uploads\/2025\/09\/foto-link-virtus-3-640x480.jpg 640w\" sizes=\"(max-width: 960px) 100vw, 960px\" \/><\/a><\/div><\/div><div class=\"desc\"><div class=\"title_wrapper\"><h5 class=\"entry-title\" itemprop=\"headline\">63&#8242; Virtus n.15<\/a><\/h5><ul class=\"yatch_list\" style=\"list-style:none; margin-left:0px;\"><li>Prezzo: 1.490.000 \u20ac IVA inclusa<\/a><\/li><li>Cantiere: Riva<\/a><\/li><li>Categoria: Open<\/a><\/li><\/ul><div class=\"button-love\"><\/div><\/div><div class=\"desc-wrapper\"><\/div><\/div><\/div><li class=\"portfolio-item isotope-item \"><div class=\"border-image portfolio-item-fw-bg\" style=\"\"><div class=\"portfolio-item-fill\"><\/div><div class=\"scale-with-grid\"><div class=\"image_wrapper\"><a href=\"https:\/\/riva-mbs.com\/it\/yacht\/63-virtus-n-3\/\"><div class=\"mask\"><\/div><img loading=\"lazy\" decoding=\"async\" width=\"800\" height=\"600\" src=\"https:\/\/riva-mbs.com\/wp-content\/uploads\/2021\/03\/virtus-3-link.jpg\" class=\"scale-with-grid wp-post-image\" alt=\"\" srcset=\"https:\/\/riva-mbs.com\/wp-content\/uploads\/2021\/03\/virtus-3-link.jpg 800w, https:\/\/riva-mbs.com\/wp-content\/uploads\/2021\/03\/virtus-3-link-300x225.jpg 300w, https:\/\/riva-mbs.com\/wp-content\/uploads\/2021\/03\/virtus-3-link-768x576.jpg 768w, https:\/\/riva-mbs.com\/wp-content\/uploads\/2021\/03\/virtus-3-link-195x146.jpg 195w, https:\/\/riva-mbs.com\/wp-content\/uploads\/2021\/03\/virtus-3-link-50x38.jpg 50w, https:\/\/riva-mbs.com\/wp-content\/uploads\/2021\/03\/virtus-3-link-100x75.jpg 100w\" sizes=\"(max-width: 800px) 100vw, 800px\" \/><\/a><\/div><\/div><div class=\"desc\"><div class=\"title_wrapper\"><h5 class=\"entry-title\" itemprop=\"headline\">63&#8242; Virtus n.3<\/a><\/h5><ul class=\"yatch_list\" style=\"list-style:none; margin-left:0px;\"><li>Prezzo: 1.100.000 \u20ac IVA inclusa<\/a><\/li><li>Cantiere: Riva<\/a><\/li><li>Categoria: Open<\/a><\/li><\/ul><div class=\"button-love\"><\/div><\/div><div class=\"desc-wrapper\"><\/div><\/div><\/div><li class=\"portfolio-item isotope-item \"><div class=\"border-image portfolio-item-fw-bg\" style=\"\"><div class=\"portfolio-item-fill\"><\/div><div class=\"scale-with-grid\"><div class=\"image_wrapper\"><a href=\"https:\/\/riva-mbs.com\/it\/yacht\/56-rivale-n-6\/\"><div class=\"mask\"><\/div><img loading=\"lazy\" decoding=\"async\" width=\"960\" height=\"720\" src=\"https:\/\/riva-mbs.com\/wp-content\/uploads\/2025\/09\/foto-link-rivale-vera-3.jpg\" class=\"scale-with-grid wp-post-image\" alt=\"\" srcset=\"https:\/\/riva-mbs.com\/wp-content\/uploads\/2025\/09\/foto-link-rivale-vera-3.jpg 960w, https:\/\/riva-mbs.com\/wp-content\/uploads\/2025\/09\/foto-link-rivale-vera-3-300x225.jpg 300w, https:\/\/riva-mbs.com\/wp-content\/uploads\/2025\/09\/foto-link-rivale-vera-3-768x576.jpg 768w, https:\/\/riva-mbs.com\/wp-content\/uploads\/2025\/09\/foto-link-rivale-vera-3-195x146.jpg 195w, https:\/\/riva-mbs.com\/wp-content\/uploads\/2025\/09\/foto-link-rivale-vera-3-50x38.jpg 50w, https:\/\/riva-mbs.com\/wp-content\/uploads\/2025\/09\/foto-link-rivale-vera-3-100x75.jpg 100w, https:\/\/riva-mbs.com\/wp-content\/uploads\/2025\/09\/foto-link-rivale-vera-3-640x480.jpg 640w\" sizes=\"(max-width: 960px) 100vw, 960px\" \/><\/a><\/div><\/div><div class=\"desc\"><div class=\"title_wrapper\"><h5 class=\"entry-title\" itemprop=\"headline\">56\u2019 Rivale n.6<\/a><\/h5><ul class=\"yatch_list\" style=\"list-style:none; margin-left:0px;\"><li>Prezzo: 1.450.000\u20ac IVA Inclusa\r\n<\/a><\/li><li>Cantiere: Riva<\/a><\/li><li>Categoria: Open<\/a><\/li><\/ul><div class=\"button-love\"><\/div><\/div><div class=\"desc-wrapper\"><\/div><\/div><\/div>[\/vc_column][\/vc_row][vc_row full_width=&#8221;stretch_row_content&#8221; css=&#8221;.vc_custom_1617870884953{margin-top: 64px !important;}&#8221;][vc_column width=&#8221;1\/2&#8243;]<a\n  href=\"https:\/\/riva-mbs.com\/it\/daily-charter\/\"\n  class=\"marvelous-link noHover\"\n  >\n  <figure class=\"marvelous-hover effect-hover effect-chico ratiooriginal effect-fonts  marvelous_custom_class_8649a8a25c9942  \">\n        <img decoding=\"async\" src=\"https:\/\/riva-mbs.com\/wp-content\/uploads\/2023\/06\/66-RIBELLE_Exterior-33.jpg\" alt=\"\"\/>\n    \n    <figcaption>\n      <div class=\"effect-caption\">\n        <div class=\"effect-heading\">\n          <h2>Charter <span>Experience<\/span><\/h2>\n        <\/div>\n\n        <div class=\"effect-description\">\n                    <p class=\"description\">Vieni a trovarci nei nostri uffici a Monaco, Cannes o Saint Tropez! Saremo lieti di informarti delle qualit\u00e0 dei nostri magnifici Riva Yacht e degli splendidi itinerari della Costa Azzurra che puoi scoprire a bordo di una Barca Leggendaria.<\/p>\n                  <\/div>\n\n      <\/div>\n    <\/figcaption>\n  <\/figure>\n<\/a>\n<style type=\"text\/css\" data-type=\"vckit-shortcode-css\" data-shortcode=\"marvelous_hover\">.effect-hover.marvelous_custom_class_8649a8a25c9942 p { font-size: 11px; }.effect-hover.marvelous_custom_class_8649a8a25c9942 img { opacity: 0.8; }.effect-hover.marvelous_custom_class_8649a8a25c9942:hover img { opacity: 0.5; }.effect-hover.marvelous_custom_class_8649a8a25c9942 { background: #000000; }.effect-hover.marvelous_custom_class_8649a8a25c9942:hover { background: #000000; }<\/style>[\/vc_column][vc_column width=&#8221;1\/2&#8243;]<a\n  href=\"https:\/\/riva-mbs.com\/it\/services\/\"\n  class=\"marvelous-link noHover\"\n  >\n  <figure class=\"marvelous-hover effect-hover effect-chico ratiooriginal effect-fonts  marvelous_custom_class_86079618edce29  \">\n        <img decoding=\"async\" src=\"https:\/\/riva-mbs.com\/wp-content\/uploads\/2021\/04\/drone-pontili-1.jpg\" alt=\"\"\/>\n    \n    <figcaption>\n      <div class=\"effect-caption\">\n        <div class=\"effect-heading\">\n          <h2>Pontili &amp; <span>Rimessaggio<\/span><\/h2>\n        <\/div>\n\n        <div class=\"effect-description\">\n                    <p class=\"description\">Da oltre 60 anni, Monaco Boat Service, situato nel porto di Monaco, garantisce prestazioni di alta qualit\u00e0 grazie a personale qualificato. Collabora inoltre con partner qualificati in tutto il Mediterraneo, in particolare nell'area di Cannes e Saint Tropez, dove trovi le barche Riva, pronti a soddisfare tutte le loro esigenze. Tutto \u00e8 sempre sotto il controllo di Monaco Boat Service.<\/p>\n                  <\/div>\n\n      <\/div>\n    <\/figcaption>\n  <\/figure>\n<\/a>\n<style type=\"text\/css\" data-type=\"vckit-shortcode-css\" data-shortcode=\"marvelous_hover\">.effect-hover.marvelous_custom_class_86079618edce29 p { font-size: 11px; }.effect-hover.marvelous_custom_class_86079618edce29 img { opacity: 0.8; }.effect-hover.marvelous_custom_class_86079618edce29:hover img { opacity: 0.5; }.effect-hover.marvelous_custom_class_86079618edce29 { background: #000000; }.effect-hover.marvelous_custom_class_86079618edce29:hover { background: #000000; }@media screen and (max-width: 768px) {.effect-hover.marvelous_custom_class_86079618edce29 h2 { font-size: 13px; } }@media screen and (max-width: 768px) {.effect-hover.marvelous_custom_class_86079618edce29 p { font-size: 10px; } }<\/style>[\/vc_column][\/vc_row][vc_row full_width=&#8221;stretch_row_content&#8221; css=&#8221;.vc_custom_1617870884953{margin-top: 64px !important;}&#8221;][vc_column][vc_empty_space][\/vc_column][\/vc_row][vc_row disable_element=&#8221;yes&#8221;][vc_column width=&#8221;1\/2&#8243;][vc_column_text]<\/p>\n<h2 style=\"text-align: center;\">Riva in the Movie<\/h2>\n<h3 style=\"text-align: center;\">They call it &#8220;The seventh Art&#8221;,<br \/>\nit&#8217;s the art of living.<\/h3>\n<p>[\/vc_column_text][vc_single_image image=&#8221;4624&#8243; img_size=&#8221;458&#215;309&#8243; alignment=&#8221;center&#8221; onclick=&#8221;custom_link&#8221; img_link_target=&#8221;_blank&#8221; link=&#8221;https:\/\/vimeo.com\/489970234&#8243;][\/vc_column][vc_column width=&#8221;1\/2&#8243;][vc_column_text]<\/p>\n<h2 style=\"text-align: center;\">Ultimi eventi<\/h2>\n<h3 style=\"text-align: center;\">Riva in the Movie<br \/>\n10 Luglio 2021<\/h3>\n<p>[\/vc_column_text][vc_single_image image=&#8221;6029&#8243; img_size=&#8221;458&#215;309&#8243; alignment=&#8221;center&#8221; onclick=&#8221;custom_link&#8221; link=&#8221;https:\/\/riva-mbs.com\/it\/riva-in-the-movie\/&#8221;][\/vc_column][\/vc_row][vc_row disable_element=&#8221;yes&#8221;][vc_column width=&#8221;1\/2&#8243;][vc_column_text]<\/p>\n<h2 style=\"text-align: center;\">Ultimi Eventi<\/h2>\n<h3 style=\"text-align: center;\">14\u2032 Edizione Riva Trophy 2022<br \/>\n1-2-3 Luglio<\/h3>\n<p>[\/vc_column_text][vc_single_image image=&#8221;6246&#8243; img_size=&#8221;458&#215;309&#8243; alignment=&#8221;center&#8221; onclick=&#8221;custom_link&#8221; link=&#8221;https:\/\/www.riva-trophy.com\/&#8221;][\/vc_column][vc_column width=&#8221;1\/2&#8243;][vc_column_text]<\/p>\n<h2 style=\"text-align: center;\">Prossimi Eventi<\/h2>\n<h3 style=\"text-align: center;\">Monaco Yacht Show<br \/>\n28 Settembre &#8211; 1 Ottobre 2022<\/h3>\n<p>[\/vc_column_text][vc_single_image image=&#8221;6112&#8243; img_size=&#8221;458&#215;309&#8243; alignment=&#8221;center&#8221;][\/vc_column][\/vc_row][vc_row][vc_column width=&#8221;1\/4&#8243;][\/vc_column][vc_column width=&#8221;1\/2&#8243;][vc_column_text]<\/p>\n<h2 style=\"text-align: center;\">Ultimi eventi<\/h2>\n<h3 style=\"text-align: center;\">Monaco Yacht Show<br \/>\n24 &#8211; 27 Settembre 2025<\/h3>\n<p>[\/vc_column_text][vc_single_image image=&#8221;8262&#8243; img_size=&#8221;458&#215;309&#8243; alignment=&#8221;center&#8221; onclick=&#8221;custom_link&#8221; link=&#8221;https:\/\/riva-mbs.com\/it\/monaco-yacht-show-2025\/&#8221;][\/vc_column][vc_column width=&#8221;1\/4&#8243;][\/vc_column][\/vc_row]<\/p>\n","protected":false},"excerpt":{"rendered":"<p>[vc_row css=&#8221;.vc_custom_1618567158553{margin-top: -8px !important;border-top-width: 16px !important;border-top-color: #87c6cc !important;border-top-style: solid !important;}&#8221; el_class=&#8221;riva-bar-z-index&#8221;][vc_column][vc_empty_space][\/vc_column][\/vc_row][vc_row][vc_column][vc_single_image image=&#8221;4645&#8243; img_size=&#8221;full&#8221; alignment=&#8221;center&#8221;][\/vc_column][\/vc_row][vc_row][vc_column][vc_column_text] Con la stessa passione e dedizione di 180 anni fa, La famiglia<span class=\"excerpt-hellip\"> [\u2026]<\/span><\/p>\n","protected":false},"author":1,"featured_media":0,"parent":0,"menu_order":0,"comment_status":"closed","ping_status":"closed","template":"","meta":{"footnotes":""},"_links":{"self":[{"href":"https:\/\/riva-mbs.com\/it\/wp-json\/wp\/v2\/pages\/4655"}],"collection":[{"href":"https:\/\/riva-mbs.com\/it\/wp-json\/wp\/v2\/pages"}],"about":[{"href":"https:\/\/riva-mbs.com\/it\/wp-json\/wp\/v2\/types\/page"}],"author":[{"embeddable":true,"href":"https:\/\/riva-mbs.com\/it\/wp-json\/wp\/v2\/users\/1"}],"replies":[{"embeddable":true,"href":"https:\/\/riva-mbs.com\/it\/wp-json\/wp\/v2\/comments?post=4655"}],"version-history":[{"count":25,"href":"https:\/\/riva-mbs.com\/it\/wp-json\/wp\/v2\/pages\/4655\/revisions"}],"predecessor-version":[{"id":8268,"href":"https:\/\/riva-mbs.com\/it\/wp-json\/wp\/v2\/pages\/4655\/revisions\/8268"}],"wp:attachment":[{"href":"https:\/\/riva-mbs.com\/it\/wp-json\/wp\/v2\/media?parent=4655"}],"curies":[{"name":"wp","href":"https:\/\/api.w.org\/{rel}","templated":true}]}}